{"id":260,"date":"2022-09-22T19:53:55","date_gmt":"2022-09-22T19:53:55","guid":{"rendered":"https:\/\/www.gamalocadora.com\/site\/?page_id=260"},"modified":"2022-09-23T15:56:13","modified_gmt":"2022-09-23T18:56:13","slug":"contato","status":"publish","type":"page","link":"https:\/\/www.gamalocadora.com\/site\/contato\/","title":{"rendered":"CONTATO"},"content":{"rendered":"\t\t<div data-elementor-type=\"wp-page\" data-elementor-id=\"260\" class=\"elementor elementor-260\">\n\t\t\t\t\t\t<section class=\"elementor-section elementor-top-section elementor-element elementor-element-7126d2000 elementor-section-full_width elementor-section-height-default elementor-section-height-default wpr-particle-no wpr-jarallax-no wpr-parallax-no wpr-sticky-section-no\" data-id=\"7126d2000\" data-element_type=\"section\" data-settings=\"{&quot;background_background&quot;:&quot;classic&quot;}\">\n\t\t\t\t\t\t<div class=\"elementor-container elementor-column-gap-default\">\n\t\t\t\t\t<div class=\"elementor-column elementor-col-100 elementor-top-column elementor-element elementor-element-71be3e7a\" data-id=\"71be3e7a\" data-element_type=\"column\" data-settings=\"{&quot;background_background&quot;:&quot;classic&quot;}\">\n\t\t\t<div class=\"elementor-widget-wrap elementor-element-populated\">\n\t\t\t\t\t<div class=\"elementor-background-overlay\"><\/div>\n\t\t\t\t\t\t<section class=\"elementor-section elementor-inner-section elementor-element elementor-element-79c5bcbd elementor-section-boxed elementor-section-height-default elementor-section-height-default wpr-particle-no wpr-jarallax-no wpr-parallax-no wpr-sticky-section-no\" data-id=\"79c5bcbd\" data-element_type=\"section\">\n\t\t\t\t\t\t<div class=\"elementor-container elementor-column-gap-default\">\n\t\t\t\t\t<div class=\"elementor-column elementor-col-100 elementor-inner-column elementor-element elementor-element-1e099060\" data-id=\"1e099060\" data-element_type=\"column\">\n\t\t\t<div class=\"elementor-widget-wrap elementor-element-populated\">\n\t\t\t\t\t\t<div class=\"elementor-element elementor-element-35a6c0fc wpr-advanced-text-style-animated wpr-fancy-text-typing wpr-animated-text-infinite-yes elementor-widget elementor-widget-wpr-advanced-text\" data-id=\"35a6c0fc\" data-element_type=\"widget\" data-settings=\"{&quot;anim_loop&quot;:&quot;yes&quot;}\" data-widget_type=\"wpr-advanced-text.default\">\n\t\t\t\t<div class=\"elementor-widget-container\">\n\t\t\t\n\t\t<h3 class=\"wpr-advanced-text\">\n\n\t\t\t\t\t\n\t\t\t\t\t\t\t<span class=\"wpr-advanced-text-preffix\">Gama Locadora | <\/span>\n\t\t\t\n\t\t<span class=\"wpr-anim-text wpr-anim-text-type-typing wpr-anim-text-letters\" data-anim-duration=\"200,2000\" data-anim-loop=\"yes\">\n\t\t\t<span class=\"wpr-anim-text-inner\">\n\t\t\t\t\t\t\t\t\t<b>15 Anos de Experi\u00eancia<\/b>\n\t\t\t\t\t\t\t\t\t<b>Equipamentos para Constru\u00e7\u00e3o Civil<\/b>\n\t\t\t\t\t\t\t<\/span>\n\t\t\t<span class=\"wpr-anim-text-cursor\">|<\/span>\t\t<\/span>\n\n\t\t\t\t\n\t\t<\/h3>\n\t\t\n\t\t\t\t<\/div>\n\t\t\t\t<\/div>\n\t\t\t\t\t<\/div>\n\t\t<\/div>\n\t\t\t\t\t<\/div>\n\t\t<\/section>\n\t\t\t\t\t<\/div>\n\t\t<\/div>\n\t\t\t\t\t<\/div>\n\t\t<\/section>\n\t\t\t\t<section class=\"elementor-section elementor-top-section elementor-element elementor-element-1fea288d elementor-section-boxed elementor-section-height-default elementor-section-height-default wpr-particle-no wpr-jarallax-no wpr-parallax-no wpr-sticky-section-no\" data-id=\"1fea288d\" data-element_type=\"section\" id=\"xs_team_3\">\n\t\t\t\t\t\t<div class=\"elementor-container elementor-column-gap-default\">\n\t\t\t\t\t<div class=\"elementor-column elementor-col-100 elementor-top-column elementor-element elementor-element-68e87b72\" data-id=\"68e87b72\" data-element_type=\"column\">\n\t\t\t<div class=\"elementor-widget-wrap elementor-element-populated\">\n\t\t\t\t\t\t<div class=\"elementor-element elementor-element-7edb187e elementor-widget elementor-widget-elementskit-heading\" data-id=\"7edb187e\" data-element_type=\"widget\" data-widget_type=\"elementskit-heading.default\">\n\t\t\t\t<div class=\"elementor-widget-container\">\n\t\t\t<div class=\"ekit-wid-con\" ><div class=\"ekit-heading elementskit-section-title-wraper center   ekit_heading_tablet-   ekit_heading_mobile-\"><h3 class=\"ekit-heading--title elementskit-section-title \">Entre em Contato com a Gama Locadora<\/h3>\t\t\t\t<div class='ekit-heading__description'>\n\t\t\t\t\t<p><span style=\"font-weight: 400\">Acione nossos bot\u00f5es abaixo de cada Sede, para contato atrav\u00e9s do WhatsApp, E-mail ou acionar o Google Maps para Rotas.<\/span><\/p>\n\t\t\t\t<\/div>\n\t\t\t<div class=\"ekit_heading_separetor_wraper ekit_heading_elementskit-border-divider\"><div class=\"elementskit-border-divider\"><\/div><\/div><\/div><\/div>\t\t<\/div>\n\t\t\t\t<\/div>\n\t\t\t\t<section class=\"elementor-section elementor-inner-section elementor-element elementor-element-5d150b19 elementor-section-boxed elementor-section-height-default elementor-section-height-default wpr-particle-no wpr-jarallax-no wpr-parallax-no wpr-sticky-section-no\" data-id=\"5d150b19\" data-element_type=\"section\">\n\t\t\t\t\t\t<div class=\"elementor-container elementor-column-gap-default\">\n\t\t\t\t\t<div class=\"elementor-column elementor-col-33 elementor-inner-column elementor-element elementor-element-e6ddd20\" data-id=\"e6ddd20\" data-element_type=\"column\">\n\t\t\t<div class=\"elementor-widget-wrap elementor-element-populated\">\n\t\t\t\t\t\t<div class=\"elementor-element elementor-element-1dc45db2 elementor-widget elementor-widget-elementskit-team\" data-id=\"1dc45db2\" data-element_type=\"widget\" data-widget_type=\"elementskit-team.default\">\n\t\t\t\t<div class=\"elementor-widget-container\">\n\t\t\t<div class=\"ekit-wid-con\">\t\t <div class=\"profile-square-v\"> \t\t\t\t\t\t\n\t\t<div class=\"profile-card elementor-animation- text-center ekit-team-style-centered_style\">\n\t\t\t\t\t\t\n\t\t\t\t<div class=\"profile-header ekit-team-img \" >\n\t\t\t\t\t<img fetchpriority=\"high\" decoding=\"async\" width=\"400\" height=\"400\" src=\"https:\/\/www.gamalocadora.com\/site\/wp-content\/uploads\/2022\/09\/cwb_contato.png\" class=\"attachment-large size-large wp-image-272\" alt=\"\" srcset=\"https:\/\/www.gamalocadora.com\/site\/wp-content\/uploads\/2022\/09\/cwb_contato.png 400w, https:\/\/www.gamalocadora.com\/site\/wp-content\/uploads\/2022\/09\/cwb_contato-300x300.png 300w, https:\/\/www.gamalocadora.com\/site\/wp-content\/uploads\/2022\/09\/cwb_contato-150x150.png 150w\" sizes=\"(max-width: 400px) 100vw, 400px\" \/>\t\t\t\t<\/div><!-- .profile-header END -->\n\t\t\t\t\t\t\n\n\t\t\t\t<div class=\"profile-body\">\n\t\t\t\t\t\n\t\t\t\t\t<h2 class=\"profile-title\">\n\t\t\t\t\t\t\t\t\t\t\tCuritiba - Paran\u00e1\t\t\t\t\t\t\t\t\t\t<\/h2>\n\t\t\t\t\t<p class=\"profile-designation\">Rua Anne Frank, 535, Hauer<\/p>\n\t\t\t\t\t\t\t\t\t<\/div><!-- .profile-body END -->\n\n\t\t\t\t\t\t\t\t\t<div class=\"profile-footer\">\n\t\t\t\t\t\t<ul class=\"ekit-team-social-list\">\n\t\t\t<li class=\"elementor-repeater-item-b37fad5\">\n\t\t\t<a href=\"https:\/\/api.whatsapp.com\/send?phone=554133771184&#038;text=Ol%C3%A1%2C%20gostaria%20de%20informa%C3%A7%C3%B5es%20sobre%20loca%C3%A7%C3%A3o.\" aria-label=\"WhatsApp\">\n\t\t\t\t<i aria-hidden=\"true\" class=\"icon icon-whatsapp-1\"><\/i>\t\t\t<\/a>\n\t\t<\/li>\n\t\t\t<li class=\"elementor-repeater-item-1a3ab10\">\n\t\t\t<a href=\"https:\/\/twitter.com\" aria-label=\"Email\">\n\t\t\t\t<i aria-hidden=\"true\" class=\"icon icon-email\"><\/i>\t\t\t<\/a>\n\t\t<\/li>\n\t\t\t<li class=\"elementor-repeater-item-89ca524\">\n\t\t\t<a href=\"https:\/\/www.google.com\/maps\/place\/GAMA+LOCADORA+DE+EQUIPAMENTOS+LTDA\/@-25.471254,-49.2528577,17z\/data=!3m1!4b1!4m5!3m4!1s0x94dcfa957faad467:0xe22e52176b650bfd!8m2!3d-25.471254!4d-49.250669?hl=pt-BR\" aria-label=\"Localiza\u00e7\u00e3o\">\n\t\t\t\t<i aria-hidden=\"true\" class=\"fas fa-map-marked-alt\"><\/i>\t\t\t<\/a>\n\t\t<\/li>\n\t<\/ul>\n\t\t\t\t\t<\/div>\n\t\t\t\t\t\t\t\t\t<\/div>\n\t\t\t\t <\/div> \t\t\t\n\t\t\t\n\t\t\t\t<\/div>\t\t<\/div>\n\t\t\t\t<\/div>\n\t\t\t\t\t<\/div>\n\t\t<\/div>\n\t\t\t\t<div class=\"elementor-column elementor-col-33 elementor-inner-column elementor-element elementor-element-4d453506\" data-id=\"4d453506\" data-element_type=\"column\">\n\t\t\t<div class=\"elementor-widget-wrap elementor-element-populated\">\n\t\t\t\t\t\t<div class=\"elementor-element elementor-element-42065f9 elementor-widget elementor-widget-elementskit-team\" data-id=\"42065f9\" data-element_type=\"widget\" data-widget_type=\"elementskit-team.default\">\n\t\t\t\t<div class=\"elementor-widget-container\">\n\t\t\t<div class=\"ekit-wid-con\">\t\t <div class=\"profile-square-v\"> \t\t\t\t\t\t\n\t\t<div class=\"profile-card elementor-animation- text-center ekit-team-style-centered_style\">\n\t\t\t\t\t\t\n\t\t\t\t<div class=\"profile-header ekit-team-img \" >\n\t\t\t\t\t<img decoding=\"async\" width=\"400\" height=\"400\" src=\"https:\/\/www.gamalocadora.com\/site\/wp-content\/uploads\/2022\/09\/cam_contato.png\" class=\"attachment-large size-large wp-image-274\" alt=\"\" srcset=\"https:\/\/www.gamalocadora.com\/site\/wp-content\/uploads\/2022\/09\/cam_contato.png 400w, https:\/\/www.gamalocadora.com\/site\/wp-content\/uploads\/2022\/09\/cam_contato-300x300.png 300w, https:\/\/www.gamalocadora.com\/site\/wp-content\/uploads\/2022\/09\/cam_contato-150x150.png 150w\" sizes=\"(max-width: 400px) 100vw, 400px\" \/>\t\t\t\t<\/div><!-- .profile-header END -->\n\t\t\t\t\t\t\n\n\t\t\t\t<div class=\"profile-body\">\n\t\t\t\t\t\n\t\t\t\t\t<h2 class=\"profile-title\">\n\t\t\t\t\t\t\t\t\t\t\tCambori\u00fa - Santa Catarina\t\t\t\t\t\t\t\t\t\t<\/h2>\n\t\t\t\t\t<p class=\"profile-designation\">R. Monte Dedo de Deus, 23, Monte Alegre<\/p>\n\t\t\t\t\t\t\t\t\t<\/div><!-- .profile-body END -->\n\n\t\t\t\t\t\t\t\t\t<div class=\"profile-footer\">\n\t\t\t\t\t\t<ul class=\"ekit-team-social-list\">\n\t\t\t<li class=\"elementor-repeater-item-b37fad5\">\n\t\t\t<a href=\"https:\/\/api.whatsapp.com\/send?phone=554733661288&#038;text=Ol%C3%A1%2C%20gostaria%20de%20informa%C3%A7%C3%B5es%20sobre%20loca%C3%A7%C3%A3o.\" aria-label=\"WhatsApp\">\n\t\t\t\t<i aria-hidden=\"true\" class=\"icon icon-whatsapp-1\"><\/i>\t\t\t<\/a>\n\t\t<\/li>\n\t\t\t<li class=\"elementor-repeater-item-1a3ab10\">\n\t\t\t<a href=\"https:\/\/twitter.com\" aria-label=\"E-mail\">\n\t\t\t\t<i aria-hidden=\"true\" class=\"icon icon-email\"><\/i>\t\t\t<\/a>\n\t\t<\/li>\n\t\t\t<li class=\"elementor-repeater-item-7f57670\">\n\t\t\t<a href=\"https:\/\/www.google.com\/maps\/place\/Gama+-+Locadora+de+Equipamentos+LTDA\/@-26.9954338,-48.6609464,17z\/data=!3m1!4b1!4m5!3m4!1s0x94d8b5f4b1461bc3:0xcbc774f2b7b648cf!8m2!3d-26.9954338!4d-48.6587524?hl=pt-BR\" aria-label=\"Google Maps\">\n\t\t\t\t<i aria-hidden=\"true\" class=\"fas fa-map-marked-alt\"><\/i>\t\t\t<\/a>\n\t\t<\/li>\n\t<\/ul>\n\t\t\t\t\t<\/div>\n\t\t\t\t\t\t\t\t\t<\/div>\n\t\t\t\t <\/div> \t\t\t\n\t\t\t\n\t\t\t\t<\/div>\t\t<\/div>\n\t\t\t\t<\/div>\n\t\t\t\t\t<\/div>\n\t\t<\/div>\n\t\t\t\t<div class=\"elementor-column elementor-col-33 elementor-inner-column elementor-element elementor-element-f45170f\" data-id=\"f45170f\" data-element_type=\"column\">\n\t\t\t<div class=\"elementor-widget-wrap elementor-element-populated\">\n\t\t\t\t\t\t<div class=\"elementor-element elementor-element-2ffa0260 elementor-widget elementor-widget-elementskit-team\" data-id=\"2ffa0260\" data-element_type=\"widget\" data-widget_type=\"elementskit-team.default\">\n\t\t\t\t<div class=\"elementor-widget-container\">\n\t\t\t<div class=\"ekit-wid-con\">\t\t <div class=\"profile-square-v\"> \t\t\t\t\t\t\n\t\t<div class=\"profile-card elementor-animation- text-center ekit-team-style-centered_style\">\n\t\t\t\t\t\t\n\t\t\t\t<div class=\"profile-header ekit-team-img \" >\n\t\t\t\t\t<img decoding=\"async\" width=\"400\" height=\"400\" src=\"https:\/\/www.gamalocadora.com\/site\/wp-content\/uploads\/2022\/09\/sao_contato.png\" class=\"attachment-large size-large wp-image-279\" alt=\"\" srcset=\"https:\/\/www.gamalocadora.com\/site\/wp-content\/uploads\/2022\/09\/sao_contato.png 400w, https:\/\/www.gamalocadora.com\/site\/wp-content\/uploads\/2022\/09\/sao_contato-300x300.png 300w, https:\/\/www.gamalocadora.com\/site\/wp-content\/uploads\/2022\/09\/sao_contato-150x150.png 150w\" sizes=\"(max-width: 400px) 100vw, 400px\" \/>\t\t\t\t<\/div><!-- .profile-header END -->\n\t\t\t\t\t\t\n\n\t\t\t\t<div class=\"profile-body\">\n\t\t\t\t\t\n\t\t\t\t\t<h2 class=\"profile-title\">\n\t\t\t\t\t\t\t\t\t\t\tS\u00e3o Jos\u00e9 - Santa Catarina\t\t\t\t\t\t\t\t\t\t<\/h2>\n\t\t\t\t\t<p class=\"profile-designation\">Rua Benjamin Gerlach, 1457, Faz. Santo Ant\u00f4nio<\/p>\n\t\t\t\t\t\t\t\t\t<\/div><!-- .profile-body END -->\n\n\t\t\t\t\t\t\t\t\t<div class=\"profile-footer\">\n\t\t\t\t\t\t<ul class=\"ekit-team-social-list\">\n\t\t\t<li class=\"elementor-repeater-item-b37fad5\">\n\t\t\t<a href=\"https:\/\/api.whatsapp.com\/send?phone=554830396555&#038;text=Ol%C3%A1%2C%20gostaria%20de%20informa%C3%A7%C3%B5es%20sobre%20loca%C3%A7%C3%A3o.\" aria-label=\"WhatsApp\">\n\t\t\t\t<i aria-hidden=\"true\" class=\"icon icon-whatsapp-1\"><\/i>\t\t\t<\/a>\n\t\t<\/li>\n\t\t\t<li class=\"elementor-repeater-item-1a3ab10\">\n\t\t\t<a href=\"https:\/\/twitter.com\" aria-label=\"E-mail\">\n\t\t\t\t<i aria-hidden=\"true\" class=\"icon icon-email\"><\/i>\t\t\t<\/a>\n\t\t<\/li>\n\t\t\t<li class=\"elementor-repeater-item-7f57670\">\n\t\t\t<a href=\"https:\/\/www.google.com\/maps\/place\/GAMA+LOCADORA+DE+EQUIPAMENTOS+LTDA\/@-27.6169177,-48.64734,17z\/data=!3m1!4b1!4m5!3m4!1s0x952735e4eb40e89b:0x6594d5513a1a8260!8m2!3d-27.6168794!4d-48.6451067?hl=pt-BR\" aria-label=\"Google Maps\">\n\t\t\t\t<i aria-hidden=\"true\" class=\"fas fa-map-marked-alt\"><\/i>\t\t\t<\/a>\n\t\t<\/li>\n\t<\/ul>\n\t\t\t\t\t<\/div>\n\t\t\t\t\t\t\t\t\t<\/div>\n\t\t\t\t <\/div> \t\t\t\n\t\t\t\n\t\t\t\t<\/div>\t\t<\/div>\n\t\t\t\t<\/div>\n\t\t\t\t\t<\/div>\n\t\t<\/div>\n\t\t\t\t\t<\/div>\n\t\t<\/section>\n\t\t\t\t\t<\/div>\n\t\t<\/div>\n\t\t\t\t\t<\/div>\n\t\t<\/section>\n\t\t\t\t<\/div>\n\t\t","protected":false},"excerpt":{"rendered":"<p>Gama Locadora | 15 Anos de Experi\u00eancia Equipamentos para Constru\u00e7\u00e3o Civil | Entre em Contato com a Gama Locadora Acione nossos bot\u00f5es abaixo de cada Sede, para contato atrav\u00e9s do WhatsApp, E-mail ou acionar o Google Maps para Rotas. Curitiba &#8211; Paran\u00e1 Rua Anne Frank, 535, Hauer Cambori\u00fa &#8211; Santa Catarina R. Monte Dedo de Deus, 23, Monte Alegre S\u00e3o Jos\u00e9 &#8211; Santa Catarina Rua Benjamin Gerlach, 1457, Faz. Santo Ant\u00f4nio<\/p>\n","protected":false},"author":1,"featured_media":0,"parent":0,"menu_order":0,"comment_status":"closed","ping_status":"closed","template":"elementor_header_footer","meta":{"footnotes":""},"class_list":["post-260","page","type-page","status-publish","hentry"],"_links":{"self":[{"href":"https:\/\/www.gamalocadora.com\/site\/wp-json\/wp\/v2\/pages\/260","targetHints":{"allow":["GET"]}}],"collection":[{"href":"https:\/\/www.gamalocadora.com\/site\/wp-json\/wp\/v2\/pages"}],"about":[{"href":"https:\/\/www.gamalocadora.com\/site\/wp-json\/wp\/v2\/types\/page"}],"author":[{"embeddable":true,"href":"https:\/\/www.gamalocadora.com\/site\/wp-json\/wp\/v2\/users\/1"}],"replies":[{"embeddable":true,"href":"https:\/\/www.gamalocadora.com\/site\/wp-json\/wp\/v2\/comments?post=260"}],"version-history":[{"count":10,"href":"https:\/\/www.gamalocadora.com\/site\/wp-json\/wp\/v2\/pages\/260\/revisions"}],"predecessor-version":[{"id":637,"href":"https:\/\/www.gamalocadora.com\/site\/wp-json\/wp\/v2\/pages\/260\/revisions\/637"}],"wp:attachment":[{"href":"https:\/\/www.gamalocadora.com\/site\/wp-json\/wp\/v2\/media?parent=260"}],"curies":[{"name":"wp","href":"https:\/\/api.w.org\/{rel}","templated":true}]}}